{"id":91,"date":"2019-09-12T14:17:44","date_gmt":"2019-09-12T14:17:44","guid":{"rendered":"https:\/\/www.alsacienne-cyclo.org\/?page_id=91"},"modified":"2025-10-17T12:17:48","modified_gmt":"2025-10-17T10:17:48","slug":"politique-de-confidentialite","status":"publish","type":"page","link":"https:\/\/www.alsacienne-cyclo.org\/fr\/politique-de-confidentialite\/","title":{"rendered":"Politique de confidentialit\u00e9"},"content":{"rendered":"\t\t<div data-elementor-type=\"wp-page\" data-elementor-id=\"91\" class=\"elementor elementor-91\" data-elementor-post-type=\"page\">\n\t\t\t\t<div class=\"elementor-element elementor-element-e7e7c5e e-con-full decallage_top w_100 e-flex e-con e-parent\" data-id=\"e7e7c5e\" data-element_type=\"container\" data-e-type=\"container\" data-settings=\"{&quot;background_background&quot;:&quot;classic&quot;,&quot;jet_parallax_layout_list&quot;:[]}\">\n\t\t\t\t<div class=\"elementor-element elementor-element-8a86c5c elementor-widget elementor-widget-breadcrumbs\" data-id=\"8a86c5c\" data-element_type=\"widget\" data-e-type=\"widget\" data-widget_type=\"breadcrumbs.default\">\n\t\t\t\t\t<p id=\"breadcrumbs\"><span><span><a href=\"https:\/\/www.alsacienne-cyclo.org\/fr\/\">Accueil<\/a><\/span><\/span><\/p>\t\t\t\t<\/div>\n\t\t\t\t<\/div>\n\t\t<div class=\"elementor-element elementor-element-478d35b e-flex e-con-boxed e-con e-parent\" data-id=\"478d35b\" data-element_type=\"container\" data-e-type=\"container\" data-settings=\"{&quot;background_background&quot;:&quot;classic&quot;,&quot;jet_parallax_layout_list&quot;:[]}\">\n\t\t\t\t\t<div class=\"e-con-inner\">\n\t\t\t\t<div class=\"elementor-element elementor-element-76307f3 elementor-widget elementor-widget-text-editor\" data-id=\"76307f3\" data-element_type=\"widget\" data-e-type=\"widget\" data-widget_type=\"text-editor.default\">\n\t\t\t\t\t\t\t\t\t<p><strong>L&#8217;Alsacienne Organisation<\/strong>\u00a0s\u2019engage \u00e0 ce que la collecte et le traitement de vos donn\u00e9es, effectu\u00e9s \u00e0 partir du site <a href=\"https:\/\/www.alsacienne-cyclo.org\">www.alsacienne-cyclo.org<\/a>, soient conformes au r\u00e8glement g\u00e9n\u00e9ral sur la protection des donn\u00e9es (RGPD) et \u00e0 la loi Informatique et Libert\u00e9s<\/p><h4 class=\"h2-refonte\"><strong>Collecte de donn\u00e9es personnelles<\/strong><\/h4><p>Chaque formulaire limite la collecte des donn\u00e9es personnelles au strict n\u00e9cessaire (minimisation des donn\u00e9es).<\/p><ul><li>Les donn\u00e9es recueillies sont utilis\u00e9es uniquement pour permettre de vous recontacter dans le cadre de l&#8217;\u00e9v\u00e9nement sportif.<\/li><li>Les champs pr\u00e9cisent clairement si les donn\u00e9es demand\u00e9es sont obligatoires ou facultatives pour la gestion de votre demande<\/li><li><strong>L&#8217;Alsacienne Organisation<\/strong>\u00a0est seul \u00e0 prendre connaissance de ces donn\u00e9es et aucune transmission \u00e0 un tiers n\u2019est n\u00e9cessaire \u00e0 la gestion de votre demande.<\/li><li>Vos donn\u00e9es personnelles sont conserv\u00e9es dans notre fichier client. Vous pouvez en demander la suppression \u00e0 tous moments.<\/li><\/ul><p>Les donn\u00e9es personnelles recueillies dans le cadre des services propos\u00e9s sur\u00a0<a href=\"https:\/\/www.alsacienne-cyclo.org\">www.alsacienne-cyclo.org<\/a>\u00a0sont trait\u00e9es selon des protocoles s\u00e9curis\u00e9s.<\/p><p>Pour toute information ou exercice de vos droits Informatique et Libert\u00e9s sur les traitements de donn\u00e9es personnelles, vous pouvez nous contacter par ce formulaire ou par courrier sign\u00e9 accompagn\u00e9 de la copie d\u2019un titre d\u2019identit\u00e9 \u00e0 l\u2019adresse suivante : <strong>A l&#8217;attention de l&#8217;Alsacienne Organisation,\u00a0 5 rue du monast\u00e8re, 68700 STEINBACH<\/strong><\/p><h4 class=\"h2-refonte\">Cookies<\/h4><p>Nous ne faisons aucune exploitation de cookie \u00e9ventuellement g\u00e9n\u00e9r\u00e9 par WordPress ou l\u2019une de ses extensions. Bien que la navigation au sein du site puisse \u00eatre s\u00e9rieusement perturb\u00e9e, vous pouvez emp\u00eacher l\u2019enregistrement de cookies ou \u00eatre pr\u00e9venu avant d\u2019accepter les cookies en configurant votre navigateur selon les indications de son \u00e9diteur.<\/p><h4 class=\"h2-refonte\">Demande de suppression ou de modification des donn\u00e9es personnelles<\/h4><p>Conform\u00e9ment au r\u00e8glement europ\u00e9en RGPD, je demande la suppression de mes donn\u00e9es personnelles dans votre syst\u00e8me d\u2019information via ce formulaire. Je ne vous communique mes nom et adresse mail que pour que vous les retrouviez et supprimiez de votre syst\u00e8me d\u2019information.<\/p>\t\t\t\t\t\t\t\t<\/div>\n\t\t\t\t<div class=\"elementor-element elementor-element-06ce9be elementor-widget elementor-widget-shortcode\" data-id=\"06ce9be\" data-element_type=\"widget\" data-e-type=\"widget\" data-widget_type=\"shortcode.default\">\n\t\t\t\t\t\t\t<div class=\"elementor-shortcode\"><p id=\"matomo_opted_out_intro\" style=\"display:none;\">Opt-out complete; your visits to this website will not be recorded by the Web Analytics tool. Note that if you clear your cookies, delete the opt-out cookie, or if you change computers or Web browsers, you will need to perform the opt-out procedure again.<\/p><p id=\"matomo_opted_in_intro\" >You may choose to prevent this website from aggregating and analyzing the actions you take here. Doing so will protect your privacy, but will also prevent the owner from learning from your actions and creating a better experience for you and other users.<\/p><form>\n        <input type=\"checkbox\" id=\"matomo_optout_checkbox\" checked=\"checked\"\/>\n        <label for=\"matomo_optout_checkbox\"><strong>\n        <span id=\"matomo_opted_in_label\" >You are not opted out. Uncheck this box to opt-out.<\/span>\n\t\t<span id=\"matomo_opted_out_label\" style=\"display:none;\">You are currently opted out. Check this box to opt-in.<\/span>\n        <\/strong><\/label><\/form><noscript><p><strong style=\"color: #ff0000;\">This opt out feature requires JavaScript.<\/strong><\/p><\/noscript><p id=\"matomo_outout_err_cookies\" style=\"display: none;\"><strong>The tracking opt-out feature requires cookies to be enabled.<\/strong><\/p><\/div>\n\t\t\t\t\t\t<\/div>\n\t\t\t\t\t<\/div>\n\t\t\t\t<\/div>\n\t\t\t\t<\/div>\n\t\t","protected":false},"excerpt":{"rendered":"<p>L&#8217;Alsacienne Organisation\u00a0s\u2019engage \u00e0 ce que la collecte et le traitement de vos donn\u00e9es, effectu\u00e9s \u00e0 partir du site www.alsacienne-cyclo.org, soient conformes au r\u00e8glement g\u00e9n\u00e9ral sur la protection des donn\u00e9es (RGPD) et \u00e0 la loi Informatique et Libert\u00e9s Collecte de donn\u00e9es personnelles Chaque formulaire limite la collecte des donn\u00e9es personnelles au strict n\u00e9cessaire (minimisation des donn\u00e9es). [&hellip;]<\/p>\n","protected":false},"author":1,"featured_media":0,"parent":0,"menu_order":0,"comment_status":"closed","ping_status":"closed","template":"","meta":{"footnotes":""},"class_list":["post-91","page","type-page","status-publish","hentry"],"yoast_head":"<!-- This site is optimized with the Yoast SEO plugin v27.5 - https:\/\/yoast.com\/product\/yoast-seo-wordpress\/ -->\n<title>Politique de confidentialit\u00e9 de L&#039;Alsacienne Cyclo<\/title>\n<meta name=\"description\" content=\"Pour tout savoir sur la politique de confidentialit\u00e9 li\u00e9e \u00e0 l&#039;usage de vos donn\u00e9es personnelles par notre association, cliquez ici\" \/>\n<meta name=\"robots\" content=\"index, follow, max-snippet:-1, max-image-preview:large, max-video-preview:-1\" \/>\n<link rel=\"canonical\" href=\"https:\/\/www.alsacienne-cyclo.org\/fr\/politique-de-confidentialite\/\" \/>\n<meta property=\"og:locale\" content=\"fr_FR\" \/>\n<meta property=\"og:type\" content=\"article\" \/>\n<meta property=\"og:title\" content=\"Politique de confidentialit\u00e9 de L&#039;Alsacienne Cyclo\" \/>\n<meta property=\"og:description\" content=\"Pour tout savoir sur la politique de confidentialit\u00e9 li\u00e9e \u00e0 l&#039;usage de vos donn\u00e9es personnelles par notre association, cliquez ici\" \/>\n<meta property=\"og:url\" content=\"https:\/\/www.alsacienne-cyclo.org\/fr\/politique-de-confidentialite\/\" \/>\n<meta property=\"og:site_name\" content=\"L&#039;Alsacienne Cyclo\" \/>\n<meta property=\"article:modified_time\" content=\"2025-10-17T10:17:48+00:00\" \/>\n<meta name=\"twitter:card\" content=\"summary_large_image\" \/>\n<meta name=\"twitter:label1\" content=\"Dur\u00e9e de lecture estim\u00e9e\" \/>\n\t<meta name=\"twitter:data1\" content=\"2 minutes\" \/>\n<!-- \/ Yoast SEO plugin. -->","yoast_head_json":{"title":"Politique de confidentialit\u00e9 de L'Alsacienne Cyclo","description":"Pour tout savoir sur la politique de confidentialit\u00e9 li\u00e9e \u00e0 l'usage de vos donn\u00e9es personnelles par notre association, cliquez ici","robots":{"index":"index","follow":"follow","max-snippet":"max-snippet:-1","max-image-preview":"max-image-preview:large","max-video-preview":"max-video-preview:-1"},"canonical":"https:\/\/www.alsacienne-cyclo.org\/fr\/politique-de-confidentialite\/","og_locale":"fr_FR","og_type":"article","og_title":"Politique de confidentialit\u00e9 de L'Alsacienne Cyclo","og_description":"Pour tout savoir sur la politique de confidentialit\u00e9 li\u00e9e \u00e0 l'usage de vos donn\u00e9es personnelles par notre association, cliquez ici","og_url":"https:\/\/www.alsacienne-cyclo.org\/fr\/politique-de-confidentialite\/","og_site_name":"L&#039;Alsacienne Cyclo","article_modified_time":"2025-10-17T10:17:48+00:00","twitter_card":"summary_large_image","twitter_misc":{"Dur\u00e9e de lecture estim\u00e9e":"2 minutes"},"schema":{"@context":"https:\/\/schema.org","@graph":[{"@type":"WebPage","@id":"https:\/\/www.alsacienne-cyclo.org\/politique-de-confidentialite\/","url":"https:\/\/www.alsacienne-cyclo.org\/politique-de-confidentialite\/","name":"Politique de confidentialit\u00e9 de L'Alsacienne Cyclo","isPartOf":{"@id":"https:\/\/www.alsacienne-cyclo.org\/#website"},"datePublished":"2019-09-12T14:17:44+00:00","dateModified":"2025-10-17T10:17:48+00:00","description":"Pour tout savoir sur la politique de confidentialit\u00e9 li\u00e9e \u00e0 l'usage de vos donn\u00e9es personnelles par notre association, cliquez ici","breadcrumb":{"@id":"https:\/\/www.alsacienne-cyclo.org\/politique-de-confidentialite\/#breadcrumb"},"inLanguage":"fr-FR","potentialAction":[{"@type":"ReadAction","target":["https:\/\/www.alsacienne-cyclo.org\/politique-de-confidentialite\/"]}]},{"@type":"BreadcrumbList","@id":"https:\/\/www.alsacienne-cyclo.org\/politique-de-confidentialite\/#breadcrumb","itemListElement":[{"@type":"ListItem","position":1,"name":"Accueil","item":"https:\/\/www.alsacienne-cyclo.org\/fr\/"},{"@type":"ListItem","position":2,"name":"Politique de confidentialit\u00e9"}]},{"@type":"WebSite","@id":"https:\/\/www.alsacienne-cyclo.org\/#website","url":"https:\/\/www.alsacienne-cyclo.org\/","name":"L&#039;Alsacienne Cyclo","description":"Des parcours d\u2019exception pour toutes les ambitions","potentialAction":[{"@type":"SearchAction","target":{"@type":"EntryPoint","urlTemplate":"https:\/\/www.alsacienne-cyclo.org\/?s={search_term_string}"},"query-input":{"@type":"PropertyValueSpecification","valueRequired":true,"valueName":"search_term_string"}}],"inLanguage":"fr-FR"}]}},"_links":{"self":[{"href":"https:\/\/www.alsacienne-cyclo.org\/fr\/wp-json\/wp\/v2\/pages\/91","targetHints":{"allow":["GET"]}}],"collection":[{"href":"https:\/\/www.alsacienne-cyclo.org\/fr\/wp-json\/wp\/v2\/pages"}],"about":[{"href":"https:\/\/www.alsacienne-cyclo.org\/fr\/wp-json\/wp\/v2\/types\/page"}],"author":[{"embeddable":true,"href":"https:\/\/www.alsacienne-cyclo.org\/fr\/wp-json\/wp\/v2\/users\/1"}],"replies":[{"embeddable":true,"href":"https:\/\/www.alsacienne-cyclo.org\/fr\/wp-json\/wp\/v2\/comments?post=91"}],"version-history":[{"count":10,"href":"https:\/\/www.alsacienne-cyclo.org\/fr\/wp-json\/wp\/v2\/pages\/91\/revisions"}],"predecessor-version":[{"id":7818,"href":"https:\/\/www.alsacienne-cyclo.org\/fr\/wp-json\/wp\/v2\/pages\/91\/revisions\/7818"}],"wp:attachment":[{"href":"https:\/\/www.alsacienne-cyclo.org\/fr\/wp-json\/wp\/v2\/media?parent=91"}],"curies":[{"name":"wp","href":"https:\/\/api.w.org\/{rel}","templated":true}]}}