{"id":7826,"date":"2025-10-28T11:50:50","date_gmt":"2025-10-28T10:50:50","guid":{"rendered":"https:\/\/www.alsacienne-cyclo.org\/?page_id=7826"},"modified":"2025-10-28T11:58:58","modified_gmt":"2025-10-28T10:58:58","slug":"plan-de-site","status":"publish","type":"page","link":"https:\/\/www.alsacienne-cyclo.org\/fr\/plan-de-site\/","title":{"rendered":"Plan de site"},"content":{"rendered":"\t\t<div data-elementor-type=\"wp-page\" data-elementor-id=\"7826\" class=\"elementor elementor-7826\" data-elementor-post-type=\"page\">\n\t\t\t\t<div class=\"elementor-element elementor-element-e7e7c5e e-con-full decallage_top w_100 e-flex e-con e-parent\" data-id=\"e7e7c5e\" data-element_type=\"container\" data-e-type=\"container\" data-settings=\"{&quot;background_background&quot;:&quot;classic&quot;,&quot;jet_parallax_layout_list&quot;:[]}\">\n\t\t\t\t<div class=\"elementor-element elementor-element-20ea93d elementor-widget elementor-widget-breadcrumbs\" data-id=\"20ea93d\" data-element_type=\"widget\" data-e-type=\"widget\" data-widget_type=\"breadcrumbs.default\">\n\t\t\t\t\t<p id=\"breadcrumbs\"><span><span><a href=\"https:\/\/www.alsacienne-cyclo.org\/fr\/\">Accueil<\/a><\/span><\/span><\/p>\t\t\t\t<\/div>\n\t\t\t\t<\/div>\n\t\t<div class=\"elementor-element elementor-element-478d35b e-flex e-con-boxed e-con e-parent\" data-id=\"478d35b\" data-element_type=\"container\" data-e-type=\"container\" data-settings=\"{&quot;background_background&quot;:&quot;classic&quot;,&quot;jet_parallax_layout_list&quot;:[]}\">\n\t\t\t\t\t<div class=\"e-con-inner\">\n\t\t\t\t<div class=\"elementor-element elementor-element-c979a9d elementor-widget elementor-widget-sitemap\" data-id=\"c979a9d\" data-element_type=\"widget\" data-e-type=\"widget\" data-widget_type=\"sitemap.default\">\n\t\t\t\t\t<div class=\"elementor-sitemap-wrap\"><div class=\"elementor-sitemap-section\"><h2 class=\"elementor-sitemap-title elementor-sitemap-page-title\">Pages<\/h2><ul class=\"elementor-sitemap-list elementor-sitemap-page-list\"><li class=\"elementor-sitemap-item elementor-sitemap-item-page page_item page-item-7835\"><a href=\"https:\/\/www.alsacienne-cyclo.org\/fr\/declaration-daccessibilite\/\">D\u00e9claration d&#8217;accessibilit\u00e9<\/a><\/li><li class=\"elementor-sitemap-item elementor-sitemap-item-page page_item page-item-7826\"><a href=\"https:\/\/www.alsacienne-cyclo.org\/fr\/plan-de-site\/\">Plan de site<\/a><\/li><li class=\"elementor-sitemap-item elementor-sitemap-item-page page_item page-item-4515\"><a href=\"https:\/\/www.alsacienne-cyclo.org\/fr\/devenir-benevole-alsacienne\/\">B\u00e9n\u00e9voles<\/a><\/li><li class=\"elementor-sitemap-item elementor-sitemap-item-page page_item page-item-4444\"><a href=\"https:\/\/www.alsacienne-cyclo.org\/fr\/cyclosportive-piece-obligatoire\/\">Pi\u00e8ce obligatoire<\/a><\/li><li class=\"elementor-sitemap-item elementor-sitemap-item-page page_item page-item-4434\"><a href=\"https:\/\/www.alsacienne-cyclo.org\/fr\/presse-medias\/\">Presse &#038; m\u00e9dias<\/a><\/li><li class=\"elementor-sitemap-item elementor-sitemap-item-page page_item page-item-4370\"><a href=\"https:\/\/www.alsacienne-cyclo.org\/fr\/tarif-inscription-alsacienne\/\">Tarifs<\/a><\/li><li class=\"elementor-sitemap-item elementor-sitemap-item-page page_item page-item-4368\"><a href=\"https:\/\/www.alsacienne-cyclo.org\/fr\/resultats-cyclosportifs\/\">R\u00e9sultats<\/a><\/li><li class=\"elementor-sitemap-item elementor-sitemap-item-page page_item page-item-4088\"><a href=\"https:\/\/www.alsacienne-cyclo.org\/fr\/programme-cyclosportive-rando\/\">Programme<\/a><\/li><li class=\"elementor-sitemap-item elementor-sitemap-item-page page_item page-item-4079\"><a href=\"https:\/\/www.alsacienne-cyclo.org\/fr\/mentions-legales\/\">Mentions l\u00e9gales<\/a><\/li><li class=\"elementor-sitemap-item elementor-sitemap-item-page page_item page-item-122\"><a href=\"https:\/\/www.alsacienne-cyclo.org\/fr\/contact\/\">Contact<\/a><\/li><li class=\"elementor-sitemap-item elementor-sitemap-item-page page_item page-item-93 current_page_parent\"><a href=\"https:\/\/www.alsacienne-cyclo.org\/fr\/all-posts\/\">Actualit\u00e9s<\/a><\/li><li class=\"elementor-sitemap-item elementor-sitemap-item-page page_item page-item-91\"><a href=\"https:\/\/www.alsacienne-cyclo.org\/fr\/politique-de-confidentialite\/\">Politique de confidentialit\u00e9<\/a><\/li><li class=\"elementor-sitemap-item elementor-sitemap-item-page page_item page-item-69\"><a href=\"https:\/\/www.alsacienne-cyclo.org\/fr\/\">Accueil<\/a><\/li><\/ul><\/div><div class=\"elementor-sitemap-section\"><h2 class=\"elementor-sitemap-title elementor-sitemap-parcours-title\">Parcours<\/h2><ul class=\"elementor-sitemap-list elementor-sitemap-parcours-list\"><li class=\"elementor-sitemap-item elementor-sitemap-item-parcours page_item page-item-7027\"><a href=\"https:\/\/www.alsacienne-cyclo.org\/fr\/parcours-cyclosportive-randonnee-velo\/parcours-cyclosportive-195-km\/\">Cyclosportive GF 195 km<\/a><\/li><li class=\"elementor-sitemap-item elementor-sitemap-item-parcours page_item page-item-7026\"><a href=\"https:\/\/www.alsacienne-cyclo.org\/fr\/parcours-cyclosportive-randonnee-velo\/parcours-cyclosportive-150-km\/\">Cyclosportive MF 150 km<\/a><\/li><li class=\"elementor-sitemap-item elementor-sitemap-item-parcours page_item page-item-7024\"><a href=\"https:\/\/www.alsacienne-cyclo.org\/fr\/parcours-cyclosportive-randonnee-velo\/parcours-cyclosportive-120-km\/\">Cyclosportive PF 120 km<\/a><\/li><li class=\"elementor-sitemap-item elementor-sitemap-item-parcours page_item page-item-7023\"><a href=\"https:\/\/www.alsacienne-cyclo.org\/fr\/parcours-cyclosportive-randonnee-velo\/parcours-randonnee-75-km\/\">Randonn\u00e9e 75 km<\/a><\/li><li class=\"elementor-sitemap-item elementor-sitemap-item-parcours page_item page-item-7021\"><a href=\"https:\/\/www.alsacienne-cyclo.org\/fr\/parcours-cyclosportive-randonnee-velo\/parcours-randonnee-56-km\/\">Randonn\u00e9e 56 KM<\/a><\/li><\/ul><\/div><div class=\"elementor-sitemap-section\"><h2 class=\"elementor-sitemap-title elementor-sitemap-post-title\">Articles<\/h2><ul class=\"elementor-sitemap-list elementor-sitemap-post-list\"><li class=\"elementor-sitemap-item elementor-sitemap-item-post page_item page-item-7004\"><a href=\"https:\/\/www.alsacienne-cyclo.org\/fr\/gran-fondo-des-vosges-entrainement\/\">Gran Fondo des Vosges : s\u2019entra\u00eener seul ou en groupe ?<\/a><\/li><li class=\"elementor-sitemap-item elementor-sitemap-item-post page_item page-item-8004\"><a href=\"https:\/\/www.alsacienne-cyclo.org\/fr\/le-col-du-haag-une-montee-exigeante\/\">Le Col du Haag, une mont\u00e9e exigeante<\/a><\/li><li class=\"elementor-sitemap-item elementor-sitemap-item-post page_item page-item-7974\"><a href=\"https:\/\/www.alsacienne-cyclo.org\/fr\/enchainer-les-cols\/\">Encha\u00eener les cols<\/a><\/li><li class=\"elementor-sitemap-item elementor-sitemap-item-post page_item page-item-6909\"><a href=\"https:\/\/www.alsacienne-cyclo.org\/fr\/cyclosportive-de-montagne-sentrainer-sans-col\/\">Cyclosportive de montagne : s&#8217;entra\u00eener sans col<\/a><\/li><li class=\"elementor-sitemap-item elementor-sitemap-item-post page_item page-item-6817\"><a href=\"https:\/\/www.alsacienne-cyclo.org\/fr\/3-solutions-pour-aborder-sa-saison-cycliste-avec-serenite\/\">3 solutions pour aborder sa saison cycliste avec s\u00e9r\u00e9nit\u00e9<\/a><\/li><li class=\"elementor-sitemap-item elementor-sitemap-item-post page_item page-item-6663\"><a href=\"https:\/\/www.alsacienne-cyclo.org\/fr\/gainage-au-service-du-pedalage\/\">Le gainage au service du p\u00e9dalage<\/a><\/li><li class=\"elementor-sitemap-item elementor-sitemap-item-post page_item page-item-7910\"><a href=\"https:\/\/www.alsacienne-cyclo.org\/fr\/la-preparation-physique-et-lentrainement-croise\/\">La pr\u00e9paration physique et l\u2019entra\u00eenement crois\u00e9<\/a><\/li><li class=\"elementor-sitemap-item elementor-sitemap-item-post page_item page-item-7863\"><a href=\"https:\/\/www.alsacienne-cyclo.org\/fr\/cyclosportives-2026\/\">Cyclosportives 2026 : l\u2019heure des choix<\/a><\/li><li class=\"elementor-sitemap-item elementor-sitemap-item-post page_item page-item-7007\"><a href=\"https:\/\/www.alsacienne-cyclo.org\/fr\/6-erreurs-a-eviter-avant-une-cyclosportive\/\">Ces 6 erreurs \u00e0 \u00e9viter  \u00e0 l\u2019approche d\u2019une cyclosportive<\/a><\/li><li class=\"elementor-sitemap-item elementor-sitemap-item-post page_item page-item-6681\"><a href=\"https:\/\/www.alsacienne-cyclo.org\/fr\/personnaliser-votre-pratique\/\">Cyclistes, nos 3 conseils pour  personnaliser votre pratique<\/a><\/li><\/ul><\/div><\/div>\t\t\t\t<\/div>\n\t\t\t\t\t<\/div>\n\t\t\t\t<\/div>\n\t\t\t\t<\/div>\n\t\t","protected":false},"excerpt":{"rendered":"","protected":false},"author":3,"featured_media":0,"parent":0,"menu_order":0,"comment_status":"closed","ping_status":"closed","template":"","meta":{"footnotes":""},"class_list":["post-7826","page","type-page","status-publish","hentry"],"yoast_head":"<!-- This site is optimized with the Yoast SEO plugin v27.5 - https:\/\/yoast.com\/product\/yoast-seo-wordpress\/ -->\n<title>Plan de site de L&#039;Alsacienne Cyclo<\/title>\n<meta name=\"robots\" content=\"index, follow, max-snippet:-1, max-image-preview:large, max-video-preview:-1\" \/>\n<link rel=\"canonical\" href=\"https:\/\/www.alsacienne-cyclo.org\/fr\/plan-de-site\/\" \/>\n<meta property=\"og:locale\" content=\"fr_FR\" \/>\n<meta property=\"og:type\" content=\"article\" \/>\n<meta property=\"og:title\" content=\"Plan de site de L&#039;Alsacienne Cyclo\" \/>\n<meta property=\"og:url\" content=\"https:\/\/www.alsacienne-cyclo.org\/fr\/plan-de-site\/\" \/>\n<meta property=\"og:site_name\" content=\"L&#039;Alsacienne Cyclo\" \/>\n<meta property=\"article:modified_time\" content=\"2025-10-28T10:58:58+00:00\" \/>\n<meta name=\"twitter:card\" content=\"summary_large_image\" \/>\n<meta name=\"twitter:label1\" content=\"Dur\u00e9e de lecture estim\u00e9e\" \/>\n\t<meta name=\"twitter:data1\" content=\"1 minute\" \/>\n<!-- \/ Yoast SEO plugin. -->","yoast_head_json":{"title":"Plan de site de L'Alsacienne Cyclo","robots":{"index":"index","follow":"follow","max-snippet":"max-snippet:-1","max-image-preview":"max-image-preview:large","max-video-preview":"max-video-preview:-1"},"canonical":"https:\/\/www.alsacienne-cyclo.org\/fr\/plan-de-site\/","og_locale":"fr_FR","og_type":"article","og_title":"Plan de site de L'Alsacienne Cyclo","og_url":"https:\/\/www.alsacienne-cyclo.org\/fr\/plan-de-site\/","og_site_name":"L&#039;Alsacienne Cyclo","article_modified_time":"2025-10-28T10:58:58+00:00","twitter_card":"summary_large_image","twitter_misc":{"Dur\u00e9e de lecture estim\u00e9e":"1 minute"},"schema":{"@context":"https:\/\/schema.org","@graph":[{"@type":"WebPage","@id":"https:\/\/www.alsacienne-cyclo.org\/fr\/plan-de-site\/","url":"https:\/\/www.alsacienne-cyclo.org\/fr\/plan-de-site\/","name":"Plan de site de L'Alsacienne Cyclo","isPartOf":{"@id":"https:\/\/www.alsacienne-cyclo.org\/#website"},"datePublished":"2025-10-28T10:50:50+00:00","dateModified":"2025-10-28T10:58:58+00:00","breadcrumb":{"@id":"https:\/\/www.alsacienne-cyclo.org\/fr\/plan-de-site\/#breadcrumb"},"inLanguage":"fr-FR","potentialAction":[{"@type":"ReadAction","target":["https:\/\/www.alsacienne-cyclo.org\/fr\/plan-de-site\/"]}]},{"@type":"BreadcrumbList","@id":"https:\/\/www.alsacienne-cyclo.org\/fr\/plan-de-site\/#breadcrumb","itemListElement":[{"@type":"ListItem","position":1,"name":"Accueil","item":"https:\/\/www.alsacienne-cyclo.org\/fr\/"},{"@type":"ListItem","position":2,"name":"Plan de site"}]},{"@type":"WebSite","@id":"https:\/\/www.alsacienne-cyclo.org\/#website","url":"https:\/\/www.alsacienne-cyclo.org\/","name":"L&#039;Alsacienne Cyclo","description":"Des parcours d\u2019exception pour toutes les ambitions","potentialAction":[{"@type":"SearchAction","target":{"@type":"EntryPoint","urlTemplate":"https:\/\/www.alsacienne-cyclo.org\/?s={search_term_string}"},"query-input":{"@type":"PropertyValueSpecification","valueRequired":true,"valueName":"search_term_string"}}],"inLanguage":"fr-FR"}]}},"_links":{"self":[{"href":"https:\/\/www.alsacienne-cyclo.org\/fr\/wp-json\/wp\/v2\/pages\/7826","targetHints":{"allow":["GET"]}}],"collection":[{"href":"https:\/\/www.alsacienne-cyclo.org\/fr\/wp-json\/wp\/v2\/pages"}],"about":[{"href":"https:\/\/www.alsacienne-cyclo.org\/fr\/wp-json\/wp\/v2\/types\/page"}],"author":[{"embeddable":true,"href":"https:\/\/www.alsacienne-cyclo.org\/fr\/wp-json\/wp\/v2\/users\/3"}],"replies":[{"embeddable":true,"href":"https:\/\/www.alsacienne-cyclo.org\/fr\/wp-json\/wp\/v2\/comments?post=7826"}],"version-history":[{"count":4,"href":"https:\/\/www.alsacienne-cyclo.org\/fr\/wp-json\/wp\/v2\/pages\/7826\/revisions"}],"predecessor-version":[{"id":7831,"href":"https:\/\/www.alsacienne-cyclo.org\/fr\/wp-json\/wp\/v2\/pages\/7826\/revisions\/7831"}],"wp:attachment":[{"href":"https:\/\/www.alsacienne-cyclo.org\/fr\/wp-json\/wp\/v2\/media?parent=7826"}],"curies":[{"name":"wp","href":"https:\/\/api.w.org\/{rel}","templated":true}]}}